{"id":489,"date":"2023-11-10T18:54:56","date_gmt":"2023-11-10T18:54:56","guid":{"rendered":"https:\/\/petarleventic.com\/?page_id=489"},"modified":"2024-04-18T14:20:32","modified_gmt":"2024-04-18T14:20:32","slug":"coaching","status":"publish","type":"page","link":"http:\/\/petarleventic.com\/fr\/coaching\/","title":{"rendered":"Coaching"},"content":{"rendered":"<p id=\"E436\"><\/p>\n\n\n\n<p><\/p>\n\n\n\n<p id=\"E486\"><strong>Pourquoi le coaching?<\/strong><\/p>\n\n\n\n<p id=\"E491\">Vous vous sentez bloqu\u00e9 dans certains aspects de votre vie<\/p>\n\n\n\n<p id=\"E494\">Vous \u00eates en transition professionnelle ou priv\u00e9e<\/p>\n\n\n\n<p id=\"E496\">Vous avez besoin de temps et d\u2019espace pour r\u00e9fl\u00e9chir <\/p>\n\n\n\n<p id=\"E498\">Vous avez besoin de nouvelles sources d\u2019inspiration <\/p>\n\n\n\n<p id=\"E500\">Vous \u00eates \u00e0 la recherche d\u2019un \u00e9lan cr\u00e9atif <\/p>\n\n\n\n<p id=\"E502\">Vous avez d\u2019autres souhaits de changement ou de transformation<\/p>\n\n\n\n<p><\/p>\n\n\n\n<p><\/p>\n\n\n\n<p><\/p>\n\n\n\n<p id=\"E504\"><strong>Qu\u2019est-ce que le coaching?<\/strong><\/p>\n\n\n\n<p id=\"E436\">Le coaching est une conversation au service du client. Vous apportez une question, un sujet que vous souhaitez explorer, et je vous soutiens dans ce processus. Vous \u00eates ma\u00eetre de votre r\u00e9flexion, je vous accompagne et vous apporte ma contribution avec mes comp\u00e9tences et ma pr\u00e9sence.<\/p>\n\n\n\n<p id=\"E436\">De mani\u00e8re fort pertinente, le coaching est d\u00e9fini par l\u2019\u00e9cole que j\u2019ai suivie comme \u00ab un partenariat dans le cadre d\u2019un processus de recherche co-cr\u00e9atif au service du potentiel qui cherche \u00e0 \u00e9merger dans la vie du client \u00bb.<\/p>\n\n\n\n<p id=\"E445\">Le partenariat est l\u2019\u00e9l\u00e9ment central depuis le d\u00e9but de notre premi\u00e8re conversation en tant que coach et coach\u00e9, et jusqu\u2019\u00e0 la fin de la derni\u00e8re conversation. Il s\u2019agit toutefois d\u2019un type particulier de partenariat. <\/p>\n\n\n\n<p id=\"E445\">Claire Pedrick d\u00e9finit le coaching en utilisant la m\u00e9taphore du tandem. En tant que coach, je suis \u00e0 l\u2019arri\u00e8re de votre v\u00e9lo et vous roulez \u00e0 l\u2019avant. Je contribuerai \u00e0 l\u2019\u00e9quilibre et \u00e0 la force dans le p\u00e9dalier, tout en veillant \u00e0 diriger et \u00e0 contr\u00f4ler la vitesse. Je veillerai \u00e0 garder notre conversation dans le conteneur du coaching, en vous r\u00e9servant l\u2019espace, en intervenant avec bienveillance si je pense que nous d\u00e9vions de la trajectoire, souvent en vous demandant o\u00f9 nous en sommes. J\u2019accorderai le p\u00e9dalier avec mon attention sans r\u00e9serve, mon respect positif et inconditionnel pour le cheminement, \u00e0 l\u2019aide de mes comp\u00e9tences, en vous demandant r\u00e9guli\u00e8rement \u00ab\u00a0ce qu\u2019il pourrait y avoir\u00a0\u00bb.<\/p>\n\n\n\n<p><\/p>\n\n\n\n<p id=\"E470\"><\/p>\n\n\n\n<p id=\"E475\"><strong>Qu\u2019est-ce que le coaching somatique?<\/strong><\/p>\n\n\n\n<p id=\"E475\">Il s\u2019agit d\u2019une m\u00e9thode de coaching qui inclut le corps, et pas seulement l\u2019esprit, dans une conversation de coaching. \u00c9motions, sensations, mouvement, imagination \u2014 tous sont les bienvenus! Il y a beaucoup plus d\u2019informations, de connaissances et de sagesse qui \u00e9mergent avec cette combinaison de l\u2019esprit du corps. <\/p>\n\n\n\n<p id=\"E475\">Les conversations de coaching commencent par une rencontre de la personne l\u00e0 o\u00f9 elle se trouve. La rencontre se produit dans la globalit\u00e9 de la personne. Avec un regard positif, \ninconditionnel, et ouvert, je serai le support qui vous permettra d\u2019explorer la question que vous avez amen\u00e9e dans la conversation.<\/p>\n\n\n\n<p id=\"E482\">Au fil du cheminement, je pourrais introduire certaines exp\u00e9riences qui permettent d\u2019examiner la question sous diff\u00e9rents angles. Les pratiques somatiques favorisent la pleine conscience et la cr\u00e9ativit\u00e9. De nouvelles id\u00e9es apparaissent \u00e0 leur tour. Parmi les comp\u00e9tences que j\u2019utilise dans mon accompagnement figurent le Focusing, les Constellations, le Contact Statements, l\u2019Environmental and Object Feedback, les Exp\u00e9riences Verbales, l\u2019Embodying, le Looping, et bien d\u2019autres techniques encore.<\/p>\n\n\n\n<p id=\"E484\">Dans la partie finale de notre conversation, je collaborerai avec vous pour incarner toutes les nouvelles id\u00e9es et cr\u00e9er des balises qui vous aideront \u00e0 op\u00e9rer le changement que vous souhaitez voir dans votre vie.<\/p>\n\n\n\n<p id=\"E486\"><\/p>\n\n\n\n<p id=\"E504\"><strong>Mon approche<\/strong><\/p>\n\n\n\n<p id=\"E508\">J\u2019aborde notre conversation avec une \u00e9coute globale et active, en la maintenant ancr\u00e9e dans le pr\u00e9sent, tout en \u00e9tant ax\u00e9e sur les opportunit\u00e9s futures. Avec s\u00e9rieux, je crois fermement au pouvoir de la conscience joyeuse, de l\u2019humour et de la cr\u00e9ativit\u00e9, et je les soutiendrai et les alimenterai lorsqu\u2019ils surviennent. J\u2019aime \u00e9galement travailler avec des m\u00e9taphores parce qu\u2019elles expriment souvent l\u2019essence du potentiel.<\/p>\n\n\n\n<p><\/p>\n\n\n\n<p><\/p>\n\n\n\n<p id=\"E516\"><strong>Vous \u00eates int\u00e9ress\u00e9?<\/strong> <\/p>\n\n\n\n<p id=\"E516\">Vous pouvez me contacter par courrier \u00e9lectronique \u00e0 l\u2019adresse <strong><a href=\"mailto:petarleventic@gmail.com\" target=\"_blank\" rel=\"noreferrer noopener\">petarleventic@gmail.com<\/a> <\/strong>et r\u00e9server une <strong>conversation d\u2019introduction gratuite de 30 minutes<\/strong>Je serai heureux de r\u00e9pondre \u00e0 toutes vos questions et vous pourrez mieux d\u00e9cider si vous \u00eates int\u00e9ress\u00e9 par un coaching somatique.<\/p>\n\n\n\n<p>Je travaille en anglais et en croate.<\/p>\n\n\n\n<figure class=\"wp-block-image size-large\"><img decoding=\"async\" src=\"https:\/\/petarleventic.com\/wp-content\/uploads\/2023\/11\/IMG_8780-2-1024x683.jpg\" alt=\"\" class=\"wp-image-554\"\/><\/figure>","protected":false},"excerpt":{"rendered":"<p>Why coaching? You feel stuck in some aspect of your life You are in a professional or private transition You need time and space to reflect You need fresh insights You are looking for creative momentum You have any other wish for change or transformation What is coaching? Simply put,&#8230;<\/p>","protected":false},"author":2,"featured_media":0,"parent":0,"menu_order":0,"comment_status":"closed","ping_status":"closed","template":"","meta":{"footnotes":""},"class_list":["post-489","page","type-page","status-publish","hentry"],"_links":{"self":[{"href":"http:\/\/petarleventic.com\/fr\/wp-json\/wp\/v2\/pages\/489","targetHints":{"allow":["GET"]}}],"collection":[{"href":"http:\/\/petarleventic.com\/fr\/wp-json\/wp\/v2\/pages"}],"about":[{"href":"http:\/\/petarleventic.com\/fr\/wp-json\/wp\/v2\/types\/page"}],"author":[{"embeddable":true,"href":"http:\/\/petarleventic.com\/fr\/wp-json\/wp\/v2\/users\/2"}],"replies":[{"embeddable":true,"href":"http:\/\/petarleventic.com\/fr\/wp-json\/wp\/v2\/comments?post=489"}],"version-history":[{"count":72,"href":"http:\/\/petarleventic.com\/fr\/wp-json\/wp\/v2\/pages\/489\/revisions"}],"predecessor-version":[{"id":915,"href":"http:\/\/petarleventic.com\/fr\/wp-json\/wp\/v2\/pages\/489\/revisions\/915"}],"wp:attachment":[{"href":"http:\/\/petarleventic.com\/fr\/wp-json\/wp\/v2\/media?parent=489"}],"curies":[{"name":"wp","href":"https:\/\/api.w.org\/{rel}","templated":true}]}}