{"id":492,"date":"2023-11-10T18:55:21","date_gmt":"2023-11-10T18:55:21","guid":{"rendered":"https:\/\/petarleventic.com\/?page_id=492"},"modified":"2023-12-20T12:15:57","modified_gmt":"2023-12-20T12:15:57","slug":"communication","status":"publish","type":"page","link":"http:\/\/petarleventic.com\/fr\/communication\/","title":{"rendered":"Formations \u00e0 la communication"},"content":{"rendered":"<p id=\"E525\">Combinant ma riche exp\u00e9rience en tant qu\u2019acteur et mes comp\u00e9tences de coaching, je propose des formations en communication verbale et non verbale. Par exemple si vous souhaitez travailler sur vos comp\u00e9tences en public, vous pr\u00e9parer \u00e0 parler en public, communiquer mieux et avoir plus d\u2019impact ou si vous souhaitez instaurer la confiance et la sensibilisation \u00e0 soi n\u00e9cessaires \u00e0 une communication efficace.<\/p>\n\n\n\n<p id=\"E536\">Outre mes comp\u00e9tences de coaching, j\u2019ai recours \u00e0 certaines pratiques issues de diff\u00e9rentes techniques th\u00e9\u00e2trales, telles que celles de Michael Chekhov, Cicely Berry et d\u2019autres.<\/p>\n\n\n\n<p id=\"E538\"><strong>Vous \u00eates int\u00e9ress\u00e9?<\/strong><\/p>\n\n\n\n<p id=\"E538\">Vous pouvez me contacter par courrier \u00e9lectronique \u00e0 l\u2019adresse <strong><a href=\"mailto:petarleventic@gmail.com\" target=\"_blank\" rel=\"noreferrer noopener\">petarleventic@gmail.com<\/a><\/strong> et r\u00e9server une <strong>conversation d\u2019introduction gratuite de 30 minutes<\/strong> pour explorer vos besoins.<\/p>\n\n\n\n<p>Je travaille en anglais et en croate.<\/p>","protected":false},"excerpt":{"rendered":"<p>Combining my rich experience as an actor with my coaching skills, I offer trainings in verbal and non-verbal communication. This could be for you if you wish to work on your public performing skills, prepare for public speaking, communicate better and with more impact or if you wish to build&#8230;<\/p>","protected":false},"author":2,"featured_media":0,"parent":0,"menu_order":0,"comment_status":"closed","ping_status":"closed","template":"","meta":{"footnotes":""},"class_list":["post-492","page","type-page","status-publish","hentry"],"_links":{"self":[{"href":"http:\/\/petarleventic.com\/fr\/wp-json\/wp\/v2\/pages\/492","targetHints":{"allow":["GET"]}}],"collection":[{"href":"http:\/\/petarleventic.com\/fr\/wp-json\/wp\/v2\/pages"}],"about":[{"href":"http:\/\/petarleventic.com\/fr\/wp-json\/wp\/v2\/types\/page"}],"author":[{"embeddable":true,"href":"http:\/\/petarleventic.com\/fr\/wp-json\/wp\/v2\/users\/2"}],"replies":[{"embeddable":true,"href":"http:\/\/petarleventic.com\/fr\/wp-json\/wp\/v2\/comments?post=492"}],"version-history":[{"count":16,"href":"http:\/\/petarleventic.com\/fr\/wp-json\/wp\/v2\/pages\/492\/revisions"}],"predecessor-version":[{"id":869,"href":"http:\/\/petarleventic.com\/fr\/wp-json\/wp\/v2\/pages\/492\/revisions\/869"}],"wp:attachment":[{"href":"http:\/\/petarleventic.com\/fr\/wp-json\/wp\/v2\/media?parent=492"}],"curies":[{"name":"wp","href":"https:\/\/api.w.org\/{rel}","templated":true}]}}