{"id":443,"date":"2023-11-10T11:08:53","date_gmt":"2023-11-10T11:08:53","guid":{"rendered":"https:\/\/petarleventic.com\/?page_id=443"},"modified":"2024-01-31T15:58:25","modified_gmt":"2024-01-31T15:58:25","slug":"home","status":"publish","type":"page","link":"http:\/\/petarleventic.com\/hr\/","title":{"rendered":"Dobrodo\u0161li!"},"content":{"rendered":"<p>Ja sam Petar, somatic coach i komunikacijski trener. Dobrodo\u0161li na moju internetsku stranicu. Ako vas inspirira, slobodno mi se obratite i mo\u017eemo dogovoriti besplatan uvodni razgovor.<\/p>\n\n\n\n<p><\/p>","protected":false},"excerpt":{"rendered":"<p>Ja sam Petar, somatic coach i komunikacijski trener. Dobrodo\u0161li na moju internetsku stranicu. Ako vas inspirira, slobodno mi se obratite i mo\u017eemo dogovoriti besplatan uvodni razgovor.<\/p>","protected":false},"author":1,"featured_media":0,"parent":0,"menu_order":0,"comment_status":"closed","ping_status":"closed","template":"","meta":{"footnotes":""},"class_list":["post-443","page","type-page","status-publish","hentry"],"_links":{"self":[{"href":"http:\/\/petarleventic.com\/hr\/wp-json\/wp\/v2\/pages\/443","targetHints":{"allow":["GET"]}}],"collection":[{"href":"http:\/\/petarleventic.com\/hr\/wp-json\/wp\/v2\/pages"}],"about":[{"href":"http:\/\/petarleventic.com\/hr\/wp-json\/wp\/v2\/types\/page"}],"author":[{"embeddable":true,"href":"http:\/\/petarleventic.com\/hr\/wp-json\/wp\/v2\/users\/1"}],"replies":[{"embeddable":true,"href":"http:\/\/petarleventic.com\/hr\/wp-json\/wp\/v2\/comments?post=443"}],"version-history":[{"count":10,"href":"http:\/\/petarleventic.com\/hr\/wp-json\/wp\/v2\/pages\/443\/revisions"}],"predecessor-version":[{"id":896,"href":"http:\/\/petarleventic.com\/hr\/wp-json\/wp\/v2\/pages\/443\/revisions\/896"}],"wp:attachment":[{"href":"http:\/\/petarleventic.com\/hr\/wp-json\/wp\/v2\/media?parent=443"}],"curies":[{"name":"wp","href":"https:\/\/api.w.org\/{rel}","templated":true}]}}