{"id":489,"date":"2023-11-10T18:54:56","date_gmt":"2023-11-10T18:54:56","guid":{"rendered":"https:\/\/petarleventic.com\/?page_id=489"},"modified":"2024-04-18T14:20:32","modified_gmt":"2024-04-18T14:20:32","slug":"coaching","status":"publish","type":"page","link":"http:\/\/petarleventic.com\/hr\/coaching\/","title":{"rendered":"Coaching"},"content":{"rendered":"<p id=\"E436\"><\/p>\n\n\n\n<p><\/p>\n\n\n\n<p id=\"E486\"><strong>Za\u0161to coaching?<\/strong><\/p>\n\n\n\n<p id=\"E491\">Imate osje\u0107aj da ste zablokirani u nekom aspektu \u017eivota<\/p>\n\n\n\n<p id=\"E494\">U profesionalnoj ili privatnoj ste tranziciji<\/p>\n\n\n\n<p id=\"E496\">Potrebni su vam vrijeme i prostor za razmi\u0161ljanje <\/p>\n\n\n\n<p id=\"E498\">Potrebni su vam svje\u017ei uvidi <\/p>\n\n\n\n<p id=\"E500\">\u017delite osjetiti kreativni zamah <\/p>\n\n\n\n<p id=\"E502\">Osje\u0107ate neku drugu \u017eelju za promjenom ili transformacijom<\/p>\n\n\n\n<p><\/p>\n\n\n\n<p><\/p>\n\n\n\n<p><\/p>\n\n\n\n<p id=\"E504\"><strong>\u0160to je zapravo coaching?<\/strong><\/p>\n\n\n\n<p id=\"E436\">Jednostavno re\u010deno, coaching je razgovor u slu\u017ebi klijenta. Vi predstavite pitanje ili temu koju biste htjeli istra\u017eiti i ja vas podr\u017eavam u tom procesu. VI ste \u201e\u0161ef\u201c svog istra\u017eivanja, a ja vas \npratim i pridonosim svojim vje\u0161tinama i stavom.<\/p>\n\n\n\n<p id=\"E436\">Somatic School koju sam zavr\u0161io definira coaching kao \u201epartnerstvo u kokreiranom procesu, a u slu\u017ebi potencijala koji se nastoji osloboditi u \u017eivotu klijenta\u201c.<\/p>\n\n\n\n<p id=\"E445\">Partnerstvo je klju\u010dni element od na\u0161eg prvog do posljednjeg razgovora. No ovdje je rije\u010d o posebnoj vrsti partnerstva. <\/p>\n\n\n\n<p id=\"E445\">Nastavljaju\u0107i se na metaforu Claire Pedrick, kao coach, ja sam na stra\u017enjem sjedalu va\u0161eg tandem bicikla, a vi ste na prednjem. Ja \u0107u pridonijeti balansiranju i pedaliranju, a vi ste tu da odredite smjer i kontrolirate brzinu kretanja. Balansirat \u0107u na\u0161 razgovor \u010duvaju\u0107i ga u domeni coachinga, dr\u017eati prostor za vas, blago intervenirati ako primijetim da skre\u0107emo s puta i \u010desto pitati \u201egdje smo sada\u201c. Pedalirat \u0107u sa svojom nepodijeljenom pozorno\u0161\u0107u, bezuvjetnim pozitivnim stavom i profesionalnim vje\u0161tinama, te jo\u0161 \u010de\u0161\u0107e pitati \u201e\u0161to bi tu moglo biti''.<\/p>\n\n\n\n<p><\/p>\n\n\n\n<p id=\"E470\"><\/p>\n\n\n\n<p id=\"E475\"><strong>\u0160to je somatic coaching?<\/strong><\/p>\n\n\n\n<p id=\"E475\">To je vrsta coachinga koji u razgovor uklju\u010duje i tijelo, a ne samo um. Osje\u0107aji, osjetila, pokret, imaginacija  \u2013 sve je dobrodo\u0161lo! Ovakav cjelovit na\u010din rada stvara uvjete za mnogo vi\u0161e informacija, uvida i mudrosti. <\/p>\n\n\n\n<p id=\"E475\">Coaching razgovor po\u010dinje susretom u kojem se coach kao cjelovita osoba sastaje s klijentom kao cjelovitom osobom i svim \u0161to klijent jest u tom trenutku. Uz bezuvjetno pozitivan stav i otvorena pitanja, dr\u017eat \u0107u prostor u kojem mo\u017eete istra\u017eiti pitanje koje ste donijeli.<\/p>\n\n\n\n<p id=\"E482\">U nastavku razgovora, vjerojatno \u0107u predlo\u017eiti neke vje\u017ebe i intervencije kako bismo pitanje razmotrili iz razli\u010ditih perspektiva. Vje\u0161tine koje se koriste uvelike poti\u010du svjesnost i kreativnost. Kao rezultat, pojavljuju se svje\u017ei uvidi. Neke od vje\u0161tina kojima se slu\u017eim su Focusing, Constellation, Contact Statements, Environmental Feedback, Object Feedback, Verbal Experiments, Embodying, Looping i mnoge druge.<\/p>\n\n\n\n<p id=\"E484\">U zavr\u0161nom dijelu na\u0161eg razgovora sura\u0111ivat \u0107u s vama kako biste integrirali sve nove uvide i osmislili ideje koje \u0107e vam poslu\u017eiti za promjene koje \u017eelite vidjeti u va\u0161em \u017eivotu.<\/p>\n\n\n\n<p id=\"E486\"><\/p>\n\n\n\n<p id=\"E504\"><strong>Moj pristup<\/strong><\/p>\n\n\n\n<p id=\"E508\">Podr\u017eavam na\u0161 razgovor cjelovitim i aktivnim slu\u0161anjem, \u010duvaju\u0107i ga u sada\u0161njosti i istodobno usmjeravaju\u0107i prema budu\u0107im mogu\u0107nostima. \u010cvrsto vjerujem u mo\u0107 zaigranosti, humora i kreativnosti, te \u0107u ih njegovati kad god se pojave. Tako\u0111er volim raditi s metaforama kada se pojave, jer \u010desto sadr\u017ee bit potencijala koji se \u017eeli osloboditi.<\/p>\n\n\n\n<p><\/p>\n\n\n\n<p><\/p>\n\n\n\n<p id=\"E516\"><strong>Zainteresirani ste?<\/strong> <\/p>\n\n\n\n<p id=\"E516\">Kontaktirajte me via e-maila <strong><a href=\"mailto:petarleventic@gmail.com\" target=\"_blank\" rel=\"noreferrer noopener\">petarleventic@gmail.com<\/a> <\/strong>i rezervirajte <strong>besplatni uvodni razgovor u trajanju od 30 minuta.<\/strong>Rado \u0107u odgovoriti na sva Va\u0161a pitanja.<\/p>\n\n\n\n<p>Radim na engleskom i hrvatskom jeziku,  online i u\u017eivo.<\/p>\n\n\n\n<figure class=\"wp-block-image size-large\"><img decoding=\"async\" src=\"https:\/\/petarleventic.com\/wp-content\/uploads\/2023\/11\/IMG_8780-2-1024x683.jpg\" alt=\"\" class=\"wp-image-554\"\/><\/figure>","protected":false},"excerpt":{"rendered":"<p>Why coaching? You feel stuck in some aspect of your life You are in a professional or private transition You need time and space to reflect You need fresh insights You are looking for creative momentum You have any other wish for change or transformation What is coaching? Simply put,&#8230;<\/p>","protected":false},"author":2,"featured_media":0,"parent":0,"menu_order":0,"comment_status":"closed","ping_status":"closed","template":"","meta":{"footnotes":""},"class_list":["post-489","page","type-page","status-publish","hentry"],"_links":{"self":[{"href":"http:\/\/petarleventic.com\/hr\/wp-json\/wp\/v2\/pages\/489","targetHints":{"allow":["GET"]}}],"collection":[{"href":"http:\/\/petarleventic.com\/hr\/wp-json\/wp\/v2\/pages"}],"about":[{"href":"http:\/\/petarleventic.com\/hr\/wp-json\/wp\/v2\/types\/page"}],"author":[{"embeddable":true,"href":"http:\/\/petarleventic.com\/hr\/wp-json\/wp\/v2\/users\/2"}],"replies":[{"embeddable":true,"href":"http:\/\/petarleventic.com\/hr\/wp-json\/wp\/v2\/comments?post=489"}],"version-history":[{"count":72,"href":"http:\/\/petarleventic.com\/hr\/wp-json\/wp\/v2\/pages\/489\/revisions"}],"predecessor-version":[{"id":915,"href":"http:\/\/petarleventic.com\/hr\/wp-json\/wp\/v2\/pages\/489\/revisions\/915"}],"wp:attachment":[{"href":"http:\/\/petarleventic.com\/hr\/wp-json\/wp\/v2\/media?parent=489"}],"curies":[{"name":"wp","href":"https:\/\/api.w.org\/{rel}","templated":true}]}}