{"id":492,"date":"2023-11-10T18:55:21","date_gmt":"2023-11-10T18:55:21","guid":{"rendered":"https:\/\/petarleventic.com\/?page_id=492"},"modified":"2023-12-20T12:15:57","modified_gmt":"2023-12-20T12:15:57","slug":"communication","status":"publish","type":"page","link":"http:\/\/petarleventic.com\/hr\/communication\/","title":{"rendered":"Komunikacijski treninzi"},"content":{"rendered":"<p id=\"E525\">Spajanjem svog bogatog gluma\u010dkog iskustva s vje\u0161tinama iz domene coachinga, tako\u0111er nudim trening u podru\u010dju verbalne i neverbalne komunikacije. To bi moglo biti ne\u0161to za vas ako \u017eelite unaprijediti svoje javne vje\u0161tine, pripremiti se za javni nastup, bolje i u\u010dinkovitije komunicirati ili ako \u017eelite izgraditi samopouzdanje i samosvijest koji su potrebni za u\u010dinkovitu komunikaciju.<\/p>\n\n\n\n<p id=\"E536\">Osim svojih coaching vje\u0161tina, koristim i neke prakse iz razli\u010ditih kazali\u0161nih tehnika, kao \u0161to su tehnike Michaela Chekhova, Cicely Berry i drugih.<\/p>\n\n\n\n<p id=\"E538\"><strong>Zainteresirani ste?<\/strong><\/p>\n\n\n\n<p id=\"E538\">Kontaktirajte me via e-maila <strong><a href=\"mailto:petarleventic@gmail.com\" target=\"_blank\" rel=\"noreferrer noopener\">petarleventic@gmail.com<\/a><\/strong> i rezervirajte <strong>besplatan uvodni razgovor u trajanju od 30 minuta.<\/strong> Rado \u0107u odgovoriti na sva va\u0161a pitanja.<\/p>\n\n\n\n<p>Radim na engleskom i hrvatskom jeziku,  online i u\u017eivo.<\/p>","protected":false},"excerpt":{"rendered":"<p>Combining my rich experience as an actor with my coaching skills, I offer trainings in verbal and non-verbal communication. This could be for you if you wish to work on your public performing skills, prepare for public speaking, communicate better and with more impact or if you wish to build&#8230;<\/p>","protected":false},"author":2,"featured_media":0,"parent":0,"menu_order":0,"comment_status":"closed","ping_status":"closed","template":"","meta":{"footnotes":""},"class_list":["post-492","page","type-page","status-publish","hentry"],"_links":{"self":[{"href":"http:\/\/petarleventic.com\/hr\/wp-json\/wp\/v2\/pages\/492","targetHints":{"allow":["GET"]}}],"collection":[{"href":"http:\/\/petarleventic.com\/hr\/wp-json\/wp\/v2\/pages"}],"about":[{"href":"http:\/\/petarleventic.com\/hr\/wp-json\/wp\/v2\/types\/page"}],"author":[{"embeddable":true,"href":"http:\/\/petarleventic.com\/hr\/wp-json\/wp\/v2\/users\/2"}],"replies":[{"embeddable":true,"href":"http:\/\/petarleventic.com\/hr\/wp-json\/wp\/v2\/comments?post=492"}],"version-history":[{"count":16,"href":"http:\/\/petarleventic.com\/hr\/wp-json\/wp\/v2\/pages\/492\/revisions"}],"predecessor-version":[{"id":869,"href":"http:\/\/petarleventic.com\/hr\/wp-json\/wp\/v2\/pages\/492\/revisions\/869"}],"wp:attachment":[{"href":"http:\/\/petarleventic.com\/hr\/wp-json\/wp\/v2\/media?parent=492"}],"curies":[{"name":"wp","href":"https:\/\/api.w.org\/{rel}","templated":true}]}}