{"id":665,"date":"2023-11-15T14:00:33","date_gmt":"2023-11-15T14:00:33","guid":{"rendered":"https:\/\/petarleventic.com\/?page_id=665"},"modified":"2024-01-31T10:22:08","modified_gmt":"2024-01-31T10:22:08","slug":"about-me-1","status":"publish","type":"page","link":"http:\/\/petarleventic.com\/hr\/about-me-1\/","title":{"rendered":"O meni"},"content":{"rendered":"<p id=\"E309\">Odrastao sam u \u0160irokom Brijegu tijekom turbulentnih 80-ih i 90-ih. Nakon gimnazije, upisao sam Akademiju dramske umjetnosti u Zagrebu, gdje sam diplomirao na odsjeku za Glumu. Uskoro nakon toga postajem \u010dlan ansambla Zagreba\u010dkog kazali\u0161ta mladih. U narednih dvadesetak godina, sudjelovao sam u vi\u0161e od \u0161ezdeset kazali\u0161nih produkcija svih \u017eanrova. Sura\u0111ivao sam  s nekim od najistaknutijih europskih redatelja i sudjelovao na brojnim festivalima diljem kontinenta.<\/p>\n\n\n\n<p id=\"E309\">Uz kazali\u0161te, imam bogato iskustvo i u drugim oblicima izvedbenih umjetnosti i javnih nastupa, a sudjelovao sam i u raznim filmovima i televizijskim emisijama. Tako\u0111er sam snimio brojne radiodrame za Hrvatski radio, sinkronizirao animirane filmove i serije, te vodio razne vrste doga\u0111aja.<\/p>\n\n\n\n<p id=\"E344\">U jednom trenutku karijere osjetio sam potrebu biti s ljudima na druk\u010diji na\u010din. Nakon dosta promi\u0161ljanja i istra\u017eivanja, odlu\u010dio sam se za <a href=\"http:\/\/petarleventic.com\/hr\/coaching\/\" data-type=\"link\" data-id=\"https:\/\/petarleventic.com\/en\/coaching\/\">coaching.<\/a>Upisao sam Somatic Coaching School u Londonu, koja nudi svje\u017e i inovativan pristup profesiji. Somatic coaching sam izabrao i zbog toga \u0161to sam u novu profesiju mogao integrirati svoje iskustvo i kreativni na\u010din razmi\u0161ljanja iz svijeta umjetnosti. U lipnju 2023. certificiran sam kao body-oriented coach. <\/p>\n\n\n\n<p id=\"E344\">\u017divim u Bruxellesu, a radim u\u017eivo i online.<\/p>\n\n\n\n<p id=\"E388\"><strong>Za one koji \u017eele znati vi\u0161e:<\/strong><\/p>\n\n\n\n<p id=\"E392\">\u201eIdemo na pizzu?\u201d za mene je retori\u010dko pitanje<\/p>\n\n\n\n<p id=\"E396\">Kao mali, bojao sam se zalaska sunca<\/p>\n\n\n\n<p id=\"E399\">Ne jedem ni\u0161ta \u0161to ima o\u010di<\/p>\n\n\n\n<p id=\"E401\">Volim neiscrpnu ravnodu\u0161nost ma\u010daka<\/p>\n\n\n\n<p id=\"E403\">Ponekad spojim meditaciju s \"ubijanjem oka\"\u00ae\ufe0f<\/p>\n\n\n\n<p id=\"E405\">Ne pitaj me za naj ne\u0161to, ne znam<\/p>\n\n\n\n<p><\/p>\n\n\n\n\n\n<figure class=\"wp-block-image size-large\"><img loading=\"lazy\" decoding=\"async\" width=\"1024\" height=\"490\" src=\"https:\/\/petarleventic.com\/wp-content\/uploads\/2023\/11\/petarl_leventic_somatic_coaching1-scaled-e1700057516233-1024x490.jpg\" alt=\"\" class=\"wp-image-656\" srcset=\"https:\/\/petarleventic.com\/wp-content\/uploads\/2023\/11\/petarl_leventic_somatic_coaching1-scaled-e1700057516233-1024x490.jpg 1024w, https:\/\/petarleventic.com\/wp-content\/uploads\/2023\/11\/petarl_leventic_somatic_coaching1-scaled-e1700057516233-300x143.jpg 300w, https:\/\/petarleventic.com\/wp-content\/uploads\/2023\/11\/petarl_leventic_somatic_coaching1-scaled-e1700057516233-768x367.jpg 768w, https:\/\/petarleventic.com\/wp-content\/uploads\/2023\/11\/petarl_leventic_somatic_coaching1-scaled-e1700057516233-1536x734.jpg 1536w, https:\/\/petarleventic.com\/wp-content\/uploads\/2023\/11\/petarl_leventic_somatic_coaching1-scaled-e1700057516233-2048x979.jpg 2048w, https:\/\/petarleventic.com\/wp-content\/uploads\/2023\/11\/petarl_leventic_somatic_coaching1-scaled-e1700057516233-850x406.jpg 850w\" sizes=\"auto, (max-width: 1024px) 100vw, 1024px\" \/><\/figure>","protected":false},"excerpt":{"rendered":"<p>I grew up in Bosnia and Herzegovina during the turbulent 80&#8217;s and 90&#8217;s. At the age of eighteen, I enrolled in the Academy of Dramatic Art in Zagreb, Croatia, where I graduated with a Masters degree in Acting. Soon afterwards, I became a permanent member of the professional acting ensemble&#8230;<\/p>","protected":false},"author":1,"featured_media":656,"parent":0,"menu_order":0,"comment_status":"closed","ping_status":"closed","template":"","meta":{"footnotes":""},"class_list":["post-665","page","type-page","status-publish","has-post-thumbnail","hentry"],"_links":{"self":[{"href":"http:\/\/petarleventic.com\/hr\/wp-json\/wp\/v2\/pages\/665","targetHints":{"allow":["GET"]}}],"collection":[{"href":"http:\/\/petarleventic.com\/hr\/wp-json\/wp\/v2\/pages"}],"about":[{"href":"http:\/\/petarleventic.com\/hr\/wp-json\/wp\/v2\/types\/page"}],"author":[{"embeddable":true,"href":"http:\/\/petarleventic.com\/hr\/wp-json\/wp\/v2\/users\/1"}],"replies":[{"embeddable":true,"href":"http:\/\/petarleventic.com\/hr\/wp-json\/wp\/v2\/comments?post=665"}],"version-history":[{"count":24,"href":"http:\/\/petarleventic.com\/hr\/wp-json\/wp\/v2\/pages\/665\/revisions"}],"predecessor-version":[{"id":895,"href":"http:\/\/petarleventic.com\/hr\/wp-json\/wp\/v2\/pages\/665\/revisions\/895"}],"wp:featuredmedia":[{"embeddable":true,"href":"http:\/\/petarleventic.com\/hr\/wp-json\/wp\/v2\/media\/656"}],"wp:attachment":[{"href":"http:\/\/petarleventic.com\/hr\/wp-json\/wp\/v2\/media?parent=665"}],"curies":[{"name":"wp","href":"https:\/\/api.w.org\/{rel}","templated":true}]}}